{"id":3976,"date":"2025-05-07T09:55:20","date_gmt":"2025-05-07T07:55:20","guid":{"rendered":"https:\/\/builder.kanalioapp.com\/vallkingllull\/?page_id=3976"},"modified":"2025-05-07T09:55:42","modified_gmt":"2025-05-07T07:55:42","slug":"normas-del-parking","status":"publish","type":"page","link":"https:\/\/builder.kanalioapp.com\/vallkingllull\/en\/normas-del-parking\/","title":{"rendered":"Normas del parking"},"content":{"rendered":"<div data-elementor-type=\"wp-page\" data-elementor-id=\"3976\" class=\"elementor elementor-3976\" data-elementor-post-type=\"page\">\n\t\t\t\t<div class=\"elementor-element elementor-element-7ce2e83 e-flex e-con-boxed e-con e-parent\" data-id=\"7ce2e83\" data-element_type=\"container\">\n\t\t\t\t\t<div class=\"e-con-inner\">\n\t\t\t\t<div class=\"elementor-element elementor-element-fa1bbf7 elementor-widget elementor-widget-heading\" data-id=\"fa1bbf7\" data-element_type=\"widget\" data-widget_type=\"heading.default\">\n\t\t\t\t<div class=\"elementor-widget-container\">\n\t\t\t\t\t<h1 class=\"elementor-heading-title elementor-size-default\">Normas del parking<\/h1>\t\t\t\t<\/div>\n\t\t\t\t<\/div>\n\t\t\t\t\t<\/div>\n\t\t\t\t<\/div>\n\t\t<div class=\"elementor-element elementor-element-358ca22 e-flex e-con-boxed e-con e-parent\" data-id=\"358ca22\" data-element_type=\"container\">\n\t\t\t\t\t<div class=\"e-con-inner\">\n\t\t\t\t<div class=\"elementor-element elementor-element-6063b0f elementor-widget elementor-widget-text-editor\" data-id=\"6063b0f\" data-element_type=\"widget\" data-widget_type=\"text-editor.default\">\n\t\t\t\t<div class=\"elementor-widget-container\">\n\t\t\t\t\t\t\t\t\t<p><b>Horarios, Acceso y Estancia<\/b><\/p><ul><li><span style=\"font-weight: 400;\"> \u00a0 \u00a0 El acceso al parking solo est\u00e1 permitido durante el horario de funcionamiento.<\/span><\/li><li><span style=\"font-weight: 400;\"> \u00a0 \u00a0 El usuario debe respetar los tiempos de entrada y salida seg\u00fan su modalidad de uso (rotaci\u00f3n, abono mensual, etc.).<\/span><\/li><li><span style=\"font-weight: 400;\"> \u00a0 \u00a0 El tiempo de estancia comienza a contar desde el momento de entrada y se factura en funci\u00f3n del tiempo real.<\/span><\/li><li><span style=\"font-weight: 400;\"> \u00a0 \u00a0 En caso de reserva previa, el usuario debe ajustarse al horario contratado. El incumplimiento de este horario podr\u00e1 conllevar cargos adicionales.<\/span><\/li><\/ul><p><b>Normas Generales de Circulaci\u00f3n y Estacionamiento<\/b><\/p><ul><li><span style=\"font-weight: 400;\"> \u00a0 \u00a0 El l\u00edmite de velocidad en el interior del parking es de 10 km\/h.<\/span><\/li><li><span style=\"font-weight: 400;\"> \u00a0 \u00a0 Se debe circular con las luces de cruce encendidas.<\/span><\/li><li><span style=\"font-weight: 400;\"> \u00a0 \u00a0 Est\u00e1 prohibido estacionar fuera de las plazas se\u00f1alizadas.<\/span><\/li><li><span style=\"font-weight: 400;\"> \u00a0 \u00a0 No est\u00e1 permitido dejar el motor encendido una vez aparcado el veh\u00edculo.<\/span><\/li><\/ul><p><b>Acceso Peatonal<\/b><\/p><ul><li><span style=\"font-weight: 400;\"> \u00a0 \u00a0 El acceso peatonal est\u00e1 reservado exclusivamente a usuarios del parking.<\/span><\/li><li><span style=\"font-weight: 400;\"> \u00a0 \u00a0 No est\u00e1 permitido acceder a pie si no se tiene veh\u00edculo estacionado o si no se acompa\u00f1a a un conductor.<\/span><\/li><\/ul><p><b>Seguridad y Responsabilidad<\/b><\/p><ul><li><span style=\"font-weight: 400;\"> \u00a0 \u00a0 El usuario es responsable de cerrar su veh\u00edculo correctamente y no dejar objetos de valor a la vista.<\/span><\/li><li><span style=\"font-weight: 400;\"> \u00a0 \u00a0 La empresa no se hace responsable de robos o da\u00f1os, salvo en casos de negligencia probada de las instalaciones.<\/span><\/li><li><span style=\"font-weight: 400;\"> \u00a0 \u00a0 Queda prohibido el uso de la plaza para fines distintos al aparcamiento de veh\u00edculos autorizados.<\/span><\/li><\/ul><p><b>Conducta y Uso de las Instalaciones<\/b><\/p><ul><li><span style=\"font-weight: 400;\"> \u00a0 \u00a0 No se permite realizar reparaciones, repostajes o lavado de veh\u00edculos en el interior del parking.<\/span><\/li><li><span style=\"font-weight: 400;\"> \u00a0 \u00a0 Se debe mantener limpia la plaza utilizada. No est\u00e1 permitido arrojar basura ni ensuciar las instalaciones.<\/span><\/li><li><span style=\"font-weight: 400;\"> \u00a0 \u00a0 Cualquier da\u00f1o causado a las instalaciones ser\u00e1 responsabilidad del usuario.<\/span><\/li><\/ul><p><b>Prohibiciones Espec\u00edficas<\/b><\/p><ul><li><span style=\"font-weight: 400;\"> \u00a0 \u00a0 Prohibido fumar o encender fuego dentro del recinto.<\/span><\/li><li><span style=\"font-weight: 400;\"> \u00a0 \u00a0 Prohibido quedarse a dormir en el interior del veh\u00edculo.<\/span><\/li><li><span style=\"font-weight: 400;\"> \u00a0 \u00a0 Prohibida la entrada de bicicletas, patinetes u otros veh\u00edculos no autorizados.<\/span><\/li><li><span style=\"font-weight: 400;\"> \u00a0 \u00a0 Prohibido bloquear accesos, rampas o salidas de emergencia.<\/span><\/li><\/ul>\t\t\t\t\t\t\t\t<\/div>\n\t\t\t\t<\/div>\n\t\t\t\t\t<\/div>\n\t\t\t\t<\/div>\n\t\t\t\t<\/div>","protected":false},"excerpt":{"rendered":"<p>Normas del parking Horarios, Acceso y Estancia \u00a0 \u00a0 El acceso al parking solo est\u00e1 permitido durante el horario de [&hellip;]<\/p>","protected":false},"author":1,"featured_media":0,"parent":0,"menu_order":0,"comment_status":"closed","ping_status":"closed","template":"elementor_header_footer","meta":{"site-sidebar-layout":"default","site-content-layout":"","ast-site-content-layout":"","site-content-style":"default","site-sidebar-style":"default","ast-global-header-display":"","ast-banner-title-visibility":"","ast-main-header-display":"","ast-hfb-above-header-display":"","ast-hfb-below-header-display":"","ast-hfb-mobile-header-display":"","site-post-title":"","ast-breadcrumbs-content":"","ast-featured-img":"","footer-sml-layout":"","theme-transparent-header-meta":"","adv-header-id-meta":"","stick-header-meta":"","header-above-stick-meta":"","header-main-stick-meta":"","header-below-stick-meta":"","astra-migrate-meta-layouts":"default","ast-page-background-enabled":"default","ast-page-background-meta":{"desktop":{"background-color":"var(--ast-global-color-4)","background-image":"","background-repeat":"repeat","background-position":"center center","background-size":"auto","background-attachment":"scroll","background-type":"","background-media":"","overlay-type":"","overlay-color":"","overlay-opacity":"","overlay-gradient":""},"tablet":{"background-color":"","background-image":"","background-repeat":"repeat","background-position":"center center","background-size":"auto","background-attachment":"scroll","background-type":"","background-media":"","overlay-type":"","overlay-color":"","overlay-opacity":"","overlay-gradient":""},"mobile":{"background-color":"","background-image":"","background-repeat":"repeat","background-position":"center center","background-size":"auto","background-attachment":"scroll","background-type":"","background-media":"","overlay-type":"","overlay-color":"","overlay-opacity":"","overlay-gradient":""}},"ast-content-background-meta":{"desktop":{"background-color":"var(--ast-global-color-5)","background-image":"","background-repeat":"repeat","background-position":"center center","background-size":"auto","background-attachment":"scroll","background-type":"","background-media":"","overlay-type":"","overlay-color":"","overlay-opacity":"","overlay-gradient":""},"tablet":{"background-color":"var(--ast-global-color-5)","background-image":"","background-repeat":"repeat","background-position":"center center","background-size":"auto","background-attachment":"scroll","background-type":"","background-media":"","overlay-type":"","overlay-color":"","overlay-opacity":"","overlay-gradient":""},"mobile":{"background-color":"var(--ast-global-color-5)","background-image":"","background-repeat":"repeat","background-position":"center center","background-size":"auto","background-attachment":"scroll","background-type":"","background-media":"","overlay-type":"","overlay-color":"","overlay-opacity":"","overlay-gradient":""}},"footnotes":""},"class_list":["post-3976","page","type-page","status-publish","hentry"],"acf":[],"yoast_head":"<!-- This site is optimized with the Yoast SEO plugin v22.8 - https:\/\/yoast.com\/wordpress\/plugins\/seo\/ -->\n<title>Normas del parking - Parking Vall King - Llull 219<\/title>\n<meta name=\"robots\" content=\"index, follow, max-snippet:-1, max-image-preview:large, max-video-preview:-1\" \/>\n<link rel=\"canonical\" href=\"https:\/\/builder.kanalioapp.com\/vallkingllull\/en\/normas-del-parking\/\" \/>\n<meta property=\"og:locale\" content=\"en_GB\" \/>\n<meta property=\"og:type\" content=\"article\" \/>\n<meta property=\"og:title\" content=\"Normas del parking - Parking Vall King - Llull 219\" \/>\n<meta property=\"og:description\" content=\"Normas del parking Horarios, Acceso y Estancia \u00a0 \u00a0 El acceso al parking solo est\u00e1 permitido durante el horario de [&hellip;]\" \/>\n<meta property=\"og:url\" content=\"https:\/\/builder.kanalioapp.com\/vallkingllull\/en\/normas-del-parking\/\" \/>\n<meta property=\"og:site_name\" content=\"Parking Vall King - Llull 219\" \/>\n<meta property=\"article:modified_time\" content=\"2025-05-07T07:55:42+00:00\" \/>\n<meta name=\"twitter:card\" content=\"summary_large_image\" \/>\n<meta name=\"twitter:label1\" content=\"Estimated reading time\" \/>\n\t<meta name=\"twitter:data1\" content=\"2 minutes\" \/>\n<script type=\"application\/ld+json\" class=\"yoast-schema-graph\">{\"@context\":\"https:\/\/schema.org\",\"@graph\":[{\"@type\":\"WebPage\",\"@id\":\"https:\/\/builder.kanalioapp.com\/vallkingllull\/normas-del-parking\/\",\"url\":\"https:\/\/builder.kanalioapp.com\/vallkingllull\/normas-del-parking\/\",\"name\":\"Normas del parking - Parking Vall King - Llull 219\",\"isPartOf\":{\"@id\":\"https:\/\/builder.kanalioapp.com\/vallkingllull\/#website\"},\"datePublished\":\"2025-05-07T07:55:20+00:00\",\"dateModified\":\"2025-05-07T07:55:42+00:00\",\"breadcrumb\":{\"@id\":\"https:\/\/builder.kanalioapp.com\/vallkingllull\/normas-del-parking\/#breadcrumb\"},\"inLanguage\":\"en-GB\",\"potentialAction\":[{\"@type\":\"ReadAction\",\"target\":[\"https:\/\/builder.kanalioapp.com\/vallkingllull\/normas-del-parking\/\"]}]},{\"@type\":\"BreadcrumbList\",\"@id\":\"https:\/\/builder.kanalioapp.com\/vallkingllull\/normas-del-parking\/#breadcrumb\",\"itemListElement\":[{\"@type\":\"ListItem\",\"position\":1,\"name\":\"Home\",\"item\":\"https:\/\/builder.kanalioapp.com\/vallkingllull\/\"},{\"@type\":\"ListItem\",\"position\":2,\"name\":\"Normas del parking\"}]},{\"@type\":\"WebSite\",\"@id\":\"https:\/\/builder.kanalioapp.com\/vallkingllull\/#website\",\"url\":\"https:\/\/builder.kanalioapp.com\/vallkingllull\/\",\"name\":\"Parking Vall King - Llull 219\",\"description\":\"\",\"potentialAction\":[{\"@type\":\"SearchAction\",\"target\":{\"@type\":\"EntryPoint\",\"urlTemplate\":\"https:\/\/builder.kanalioapp.com\/vallkingllull\/?s={search_term_string}\"},\"query-input\":\"required name=search_term_string\"}],\"inLanguage\":\"en-GB\"}]}<\/script>\n<!-- \/ Yoast SEO plugin. -->","yoast_head_json":{"title":"Normas del parking - Parking Vall King - Llull 219","robots":{"index":"index","follow":"follow","max-snippet":"max-snippet:-1","max-image-preview":"max-image-preview:large","max-video-preview":"max-video-preview:-1"},"canonical":"https:\/\/builder.kanalioapp.com\/vallkingllull\/en\/normas-del-parking\/","og_locale":"en_GB","og_type":"article","og_title":"Normas del parking - Parking Vall King - Llull 219","og_description":"Normas del parking Horarios, Acceso y Estancia \u00a0 \u00a0 El acceso al parking solo est\u00e1 permitido durante el horario de [&hellip;]","og_url":"https:\/\/builder.kanalioapp.com\/vallkingllull\/en\/normas-del-parking\/","og_site_name":"Parking Vall King - Llull 219","article_modified_time":"2025-05-07T07:55:42+00:00","twitter_card":"summary_large_image","twitter_misc":{"Estimated reading time":"2 minutes"},"schema":{"@context":"https:\/\/schema.org","@graph":[{"@type":"WebPage","@id":"https:\/\/builder.kanalioapp.com\/vallkingllull\/normas-del-parking\/","url":"https:\/\/builder.kanalioapp.com\/vallkingllull\/normas-del-parking\/","name":"Normas del parking - Parking Vall King - Llull 219","isPartOf":{"@id":"https:\/\/builder.kanalioapp.com\/vallkingllull\/#website"},"datePublished":"2025-05-07T07:55:20+00:00","dateModified":"2025-05-07T07:55:42+00:00","breadcrumb":{"@id":"https:\/\/builder.kanalioapp.com\/vallkingllull\/normas-del-parking\/#breadcrumb"},"inLanguage":"en-GB","potentialAction":[{"@type":"ReadAction","target":["https:\/\/builder.kanalioapp.com\/vallkingllull\/normas-del-parking\/"]}]},{"@type":"BreadcrumbList","@id":"https:\/\/builder.kanalioapp.com\/vallkingllull\/normas-del-parking\/#breadcrumb","itemListElement":[{"@type":"ListItem","position":1,"name":"Home","item":"https:\/\/builder.kanalioapp.com\/vallkingllull\/"},{"@type":"ListItem","position":2,"name":"Normas del parking"}]},{"@type":"WebSite","@id":"https:\/\/builder.kanalioapp.com\/vallkingllull\/#website","url":"https:\/\/builder.kanalioapp.com\/vallkingllull\/","name":"Parking Vall King - Llull 219","description":"","potentialAction":[{"@type":"SearchAction","target":{"@type":"EntryPoint","urlTemplate":"https:\/\/builder.kanalioapp.com\/vallkingllull\/?s={search_term_string}"},"query-input":"required name=search_term_string"}],"inLanguage":"en-GB"}]}},"_links":{"self":[{"href":"https:\/\/builder.kanalioapp.com\/vallkingllull\/en\/wp-json\/wp\/v2\/pages\/3976","targetHints":{"allow":["GET"]}}],"collection":[{"href":"https:\/\/builder.kanalioapp.com\/vallkingllull\/en\/wp-json\/wp\/v2\/pages"}],"about":[{"href":"https:\/\/builder.kanalioapp.com\/vallkingllull\/en\/wp-json\/wp\/v2\/types\/page"}],"author":[{"embeddable":true,"href":"https:\/\/builder.kanalioapp.com\/vallkingllull\/en\/wp-json\/wp\/v2\/users\/1"}],"replies":[{"embeddable":true,"href":"https:\/\/builder.kanalioapp.com\/vallkingllull\/en\/wp-json\/wp\/v2\/comments?post=3976"}],"version-history":[{"count":4,"href":"https:\/\/builder.kanalioapp.com\/vallkingllull\/en\/wp-json\/wp\/v2\/pages\/3976\/revisions"}],"predecessor-version":[{"id":3980,"href":"https:\/\/builder.kanalioapp.com\/vallkingllull\/en\/wp-json\/wp\/v2\/pages\/3976\/revisions\/3980"}],"wp:attachment":[{"href":"https:\/\/builder.kanalioapp.com\/vallkingllull\/en\/wp-json\/wp\/v2\/media?parent=3976"}],"curies":[{"name":"wp","href":"https:\/\/api.w.org\/{rel}","templated":true}]}}